{"id":5233,"date":"2025-05-17T00:31:48","date_gmt":"2025-05-16T22:31:48","guid":{"rendered":"https:\/\/www.konectafoundation.org\/contactenos\/"},"modified":"2026-03-17T12:29:30","modified_gmt":"2026-03-17T10:29:30","slug":"contactanos","status":"publish","type":"page","link":"https:\/\/www.konectafoundation.org\/es\/contactanos\/","title":{"rendered":"Cont\u00e1ctanos"},"content":{"rendered":"<div class=\"wpb-content-wrapper\"><p>[vc_row][vc_column]<style type=\"text\/css\" data-type=\"the7_shortcodes-inline-css\">.dt-breadcrumbs-id-a4cd0da48ce6e1f199747d23228a2406 .breadcrumbs {\n  display: inline-block;\n  margin: 0;\n  padding: 2px 10px 2px 10px;\n  border: 0px solid ;\n  border-radius: 0px;\n}\n.dt-breadcrumbs-id-a4cd0da48ce6e1f199747d23228a2406 .breadcrumbs * {\n  font-size: 12px;\n  color: #000000;\n}<\/style><div class=\"dt-breadcrumbs-shortcode dt-breadcrumbs-id-a4cd0da48ce6e1f199747d23228a2406 align-left\"><div class=\"assistive-text\">Est\u00e1s aqu\u00ed:<\/div><ol class=\"breadcrumbs text-small\" itemscope itemtype=\"https:\/\/schema.org\/BreadcrumbList\"><li itemprop=\"itemListElement\" itemscope itemtype=\"https:\/\/schema.org\/ListItem\"><a itemprop=\"item\" href=\"https:\/\/www.konectafoundation.org\/es\/\" title=\"Inicio\"><span itemprop=\"name\">Inicio<\/span><\/a><meta itemprop=\"position\" content=\"1\" \/><\/li><li class=\"current\" itemprop=\"itemListElement\" itemscope itemtype=\"https:\/\/schema.org\/ListItem\"><span itemprop=\"name\">P\u00e1gina<\/span><meta itemprop=\"position\" content=\"2\" \/><\/li><\/ol><\/div>[vc_empty_space][\/vc_column][\/vc_row][vc_row full_width=\u00bbstretch_row_content\u00bb equal_height=\u00bbyes\u00bb content_placement=\u00bbmiddle\u00bb el_class=\u00bbphone-reverse-col\u00bb][vc_column width=\u00bb1\/2&#8243; css=\u00bb.vc_custom_1747468454427{padding-top: 2% !important;padding-bottom: 2% !important;padding-left: 10% !important;}\u00bb][vc_column_text css=\u00bb.vc_custom_1758215027191{padding-right: 15% !important;padding-left: 15% !important;}\u00bb]<\/p>\n<h1>Ponte en contacto con la fundaci\u00f3n<\/h1>\n<p>[\/vc_column_text][vc_column_text css=\u00bb.vc_custom_1758215095928{padding-right: 15% !important;padding-left: 15% !important;}\u00bb]<\/p>\n<h4>Trabajamos diariamente para promover la inclusi\u00f3n, la empleabilidad y el desarrollo social en las comunidades a las que servimos. Ya sea que est\u00e9s buscando apoyo o interesado en colaborar, estamos aqu\u00ed para ti.<\/h4>\n<p>[\/vc_column_text][\/vc_column][vc_column width=\u00bb1\/2&#8243; css=\u00bb.vc_custom_1747468477865{padding-top: 20% !important;padding-bottom: 20% !important;background-image: url(http:\/\/www.konectafoundation.org\/wp-content\/uploads\/2025\/05\/header_image_JPG-4.jpg?id=93) !important;background-position: center !important;background-repeat: no-repeat !important;background-size: cover !important;border-radius: 25px !important;}\u00bb][\/vc_column][\/vc_row][vc_row][vc_column]<div class=\"ult-spacer spacer-69e4594acf76a\" data-id=\"69e4594acf76a\" data-height=\"50\" data-height-mobile=\"\" data-height-tab=\"40\" data-height-tab-portrait=\"30\" data-height-mobile-landscape=\"25\" style=\"clear:both;display:block;\"><\/div>[\/vc_column][\/vc_row][vc_row gap=\u00bb30&#8243; bg_type=\u00bbbg_color\u00bb bg_override=\u00bbfull\u00bb bg_color_value=\u00bb#F2F0EB\u00bb][vc_column]<div class=\"ult-spacer spacer-69e4594acf795\" data-id=\"69e4594acf795\" data-height=\"50\" data-height-mobile=\"\" data-height-tab=\"40\" data-height-tab-portrait=\"30\" data-height-mobile-landscape=\"25\" style=\"clear:both;display:block;\"><\/div>[vc_column_text css=\u00bb.vc_custom_1758215162481{margin-bottom: 12px !important;}\u00bb]Si perteneces a un grupo vulnerable y necesitas orientaci\u00f3n, si est\u00e1s buscando iniciar una carrera en Konecta o si representas a una organizaci\u00f3n, ONG o fundaci\u00f3n interesada en colaborar con nosotros, queremos escucharte.<\/p>\n<p>Por favor, completa el formulario y creemos juntos oportunidades y cambios, multiplicando el impacto y construyendo un futuro m\u00e1s inclusivo.[\/vc_column_text][\/vc_column][vc_column width=\u00bb2\/5&#8243;][vc_column_text css=\u00bb\u00bb]<\/p>\n<h4>\u00bfCu\u00e1l es el motivo de tu contacto?<\/h4>\n<p>[\/vc_column_text][vc_raw_html css=\u00bb\u00bb el_class=\u00bbforms\u00bb]JTNDdWwlMjBpZCUzRCUyMmZvcm0tc2VsZWN0b3IlMjIlM0UlMEQlMEElMjAlMjAlM0NsaSUyMG9uY2xpY2slM0QlMjJzaG93Rm9ybSUyOCUyN2Zvcm0xJTI3JTJDJTIwdGhpcyUyOSUyMiUzRURlc2VvJTIwdW5pcm1lJTIwYWwlMjBIdWIlMjBFbXBsZW8lMjBWZXJkZSUzQyUyRmxpJTNFJTBEJTBBJTIwJTIwJTNDbGklMjBvbmNsaWNrJTNEJTIyc2hvd0Zvcm0lMjglMjdmb3JtMiUyNyUyQyUyMHRoaXMlMjklMjIlM0VEZXNlbyUyMHVuaXJtZSUyMGElMjBsYSUyMEVzY3VlbGElMjBkZSUyMENhcGFjaXRhY2klQzMlQjNuJTNDJTJGbGklM0UlMEQlMEElMjAlMjAlM0NsaSUyMG9uY2xpY2slM0QlMjJzaG93Rm9ybSUyOCUyN2Zvcm0zJTI3JTJDJTIwdGhpcyUyOSUyMiUzRUVzdG95JTIwYnVzY2FuZG8lMjBlbXBsZW8lM0MlMkZsaSUzRSUwRCUwQSUyMCUyMCUzQ2xpJTIwb25jbGljayUzRCUyMnNob3dGb3JtJTI4JTI3Zm9ybTQlMjclMkMlMjB0aGlzJTI5JTIyJTNFRGVzZW8lMjBhc29jaWFybWUlMjBjb24lMjB1c3RlZGVzJTIwcGFyYSUyMHVuJTIwcHJveWVjdG8lM0MlMkZsaSUzRSUwRCUwQSUzQyUyRnVsJTNF[\/vc_raw_html][\/vc_column][vc_column width=\u00bb3\/5&#8243;][vc_raw_html css=\u00bb\u00bb]JTNDZGl2JTIwaWQlM0QlMjJmb3JtMSUyMiUyMHN0eWxlJTNEJTIyZGlzcGxheSUzQSUyMG5vbmUlM0IlMjIlM0UlMEQlMEElMjBQYXJhJTIwdmVyaWZpY2FyJTIweSUyMHNvbGljaXRhciUyMHVuJTIwZW1wbGVvJTIwY29uJTIwZWwlMjBIdWIlMjBFbXBsZW8lMjBWZXJkZSUyQyUyMHBvciUyMGZhdm9yJTIwJTNDYSUyMGhyZWYlM0QlMjJodHRwcyUzQSUyRiUyRmh1YmVtcGxlb3ZlcmRlLmVzJTJGdGUtc3VtYXMlMkYlMjIlMjB0YXJnZXQlM0QlMjJfYmxhbmslMjIlMjByZWwlM0QlMjJub29wZW5lciUyMG5vcmVmZXJyZXIlMjIlM0V2aXNpdGUlMjBudWVzdHJvJTIwc2l0aW8lMjB3ZWIlM0MlMkZhJTNFLiUwRCUwQSUwRCUwQSUzQyUyRmRpdiUzRSUwRCUwQSUwRCUwQSUzQ2RpdiUyMGlkJTNEJTIyZm9ybTIlMjIlMjBzdHlsZSUzRCUyMmRpc3BsYXklM0ElMjBub25lJTNCJTIyJTNFJTBEJTBBJTNDc2NyaXB0JTIwY2hhcnNldCUzRCUyMnV0Zi04JTIyJTIwdHlwZSUzRCUyMnRleHQlMkZqYXZhc2NyaXB0JTIyJTIwc3JjJTNEJTIyJTJGJTJGanMtZXUxLmhzZm9ybXMubmV0JTJGZm9ybXMlMkZlbWJlZCUyRnYyLmpzJTIyJTNFJTNDJTJGc2NyaXB0JTNFJTBEJTBBJTNDc2NyaXB0JTNFJTBEJTBBJTIwJTIwaGJzcHQuZm9ybXMuY3JlYXRlJTI4JTdCJTBEJTBBJTIwJTIwJTIwJTIwcG9ydGFsSWQlM0ElMjAlMjIxNDMzMjQ4MDYlMjIlMkMlMEQlMEElMjAlMjAlMjAlMjBmb3JtSWQlM0ElMjAlMjIyMDJlYjc3MC1lNmJiLTRmYTktODE0MC1iNDVjYjQ1ZDAwYmIlMjIlMkMlMEQlMEElMjAlMjAlMjAlMjByZWdpb24lM0ElMjAlMjJldTElMjIlMEQlMEElMjAlMjAlN0QlMjklM0IlMEQlMEElM0MlMkZzY3JpcHQlM0UlMEQlMEElMEQlMEElM0MlMkZkaXYlM0UlMEQlMEElMEQlMEElM0NkaXYlMjBpZCUzRCUyMmZvcm0zJTIyJTIwc3R5bGUlM0QlMjJkaXNwbGF5JTNBJTIwbm9uZSUzQiUyMiUzRSUwRCUwQSUyMFBhcmElMjB2ZXJpZmljYXIlMjB5JTIwc29saWNpdGFyJTIwdW4lMjBlbXBsZW8lMjBjb24lMjBLb25lY3RhJTJDJTIwcG9yJTIwZmF2b3IlMjAlM0NhJTIwaHJlZiUzRCUyMmh0dHBzJTNBJTJGJTJGa29uZWN0YS5jb20lMkZlcyUyRnVuZXRlLWEtbm9zb3Ryb3MlMjIlMjB0YXJnZXQlM0QlMjJfYmxhbmslMjIlMjByZWwlM0QlMjJub29wZW5lciUyMG5vcmVmZXJyZXIlMjIlM0V2aXNpdGUlMjBudWVzdHJvJTIwc2l0aW8lMjB3ZWIlM0MlMkZhJTNFLiUwRCUwQSUwRCUwQSUzQyUyRmRpdiUzRSUwRCUwQSUwRCUwQSUzQ2RpdiUyMGlkJTNEJTIyZm9ybTQlMjIlMjBzdHlsZSUzRCUyMmRpc3BsYXklM0ElMjBub25lJTNCJTIyJTNFJTBEJTBBJTNDc2NyaXB0JTIwY2hhcnNldCUzRCUyMnV0Zi04JTIyJTIwdHlwZSUzRCUyMnRleHQlMkZqYXZhc2NyaXB0JTIyJTIwc3JjJTNEJTIyJTJGJTJGanMtZXUxLmhzZm9ybXMubmV0JTJGZm9ybXMlMkZlbWJlZCUyRnYyLmpzJTIyJTNFJTNDJTJGc2NyaXB0JTNFJTBEJTBBJTNDc2NyaXB0JTNFJTBEJTBBJTIwJTIwaGJzcHQuZm9ybXMuY3JlYXRlJTI4JTdCJTBEJTBBJTIwJTIwJTIwJTIwcG9ydGFsSWQlM0ElMjAlMjIxNDMzMjQ4MDYlMjIlMkMlMEQlMEElMjAlMjAlMjAlMjBmb3JtSWQlM0ElMjAlMjI5ZmYxNTZkYy1iNmNhLTQ1Y2ItYWQ4ZC1mNWY1ODBkYTllMmUlMjIlMkMlMEQlMEElMjAlMjAlMjAlMjByZWdpb24lM0ElMjAlMjJldTElMjIlMEQlMEElMjAlMjAlN0QlMjklM0IlMEQlMEElM0MlMkZzY3JpcHQlM0UlMEQlMEElMEQlMEElM0MlMkZkaXYlM0UlMEQlMEE=[\/vc_raw_html][vc_row_inner][vc_column_inner][\/vc_column_inner][\/vc_row_inner][\/vc_column][\/vc_row][vc_row][vc_column][vc_column_text css=\u00bb\u00bb]<\/p>\n<h4 style=\"text-align: center;\">Explora nuestras \u00e1reas de actividad<\/h4>\n<p>[\/vc_column_text][vc_row_inner equal_height=\u00bbyes\u00bb gap=\u00bb30&#8243;][vc_column_inner width=\u00bb1\/3&#8243; css=\u00bb.vc_custom_1747858735210{border-top-width: 1px !important;border-right-width: 1px !important;border-bottom-width: 1px !important;border-left-width: 1px !important;border-left-style: solid !important;border-right-style: solid !important;border-top-style: solid !important;border-bottom-style: solid !important;border-radius: 20px !important;border-color: #000000 !important;}\u00bb][vc_column_text css=\u00bb.vc_custom_1747858771607{padding-right: 15px !important;padding-left: 15px !important;}\u00bb]<\/p>\n<h5><span style=\"font-family: poppins-extrabold; color: #ff1952; font-size: 17px;\">Empleabilidad<\/span><\/h5>\n<p>Impulsamos la inclusi\u00f3n social a trav\u00e9s del empleo, preparando a grupos vulnerables para trabajos de calidad y proporcion\u00e1ndoles las habilidades digitales que abren oportunidades.[\/vc_column_text]<style type=\"text\/css\" data-type=\"the7_shortcodes-inline-css\">#default-btn-e78f5ddafc2ff55e26efbd3b002278e0 {\n  border-radius: 25px;\n  font-size: 11px;\n  line-height: 13px;\n}\n.btn-shadow#default-btn-e78f5ddafc2ff55e26efbd3b002278e0 {\n  box-shadow: 0 1px 6px rgba(0,0,0,0.12);\n  transition: box-shadow 0.2s ease-out, opacity 0.45s;\n}\n.btn-shadow#default-btn-e78f5ddafc2ff55e26efbd3b002278e0:hover {\n  box-shadow: 0 5px 11px 0 rgba(0,0,0,0.18), 0 4px 15px 0 rgba(0,0,0,0.15);\n}\n.btn-flat#default-btn-e78f5ddafc2ff55e26efbd3b002278e0 {\n  box-shadow: none;\n}\n.btn-flat#default-btn-e78f5ddafc2ff55e26efbd3b002278e0:hover {\n  box-shadow: none;\n}\n#default-btn-e78f5ddafc2ff55e26efbd3b002278e0.ico-right-side > i {\n  margin-right: 0px;\n  margin-left: 8px;\n}\n#default-btn-e78f5ddafc2ff55e26efbd3b002278e0 > i {\n  margin-right: 8px;\n  font-size: 12px;\n}\n#default-btn-e78f5ddafc2ff55e26efbd3b002278e0:not(:hover) {\n  border-width: 1px;\n  padding: 10px 12px 10px 12px;\n}\n#default-btn-e78f5ddafc2ff55e26efbd3b002278e0:hover {\n  border-width: 1px;\n  padding: 10px 12px 10px 12px;\n}\n#default-btn-e78f5ddafc2ff55e26efbd3b002278e0.ico-right-side > i {\n  margin-right: 0px;\n  margin-left: 8px;\n}\n#default-btn-e78f5ddafc2ff55e26efbd3b002278e0 > i {\n  margin-right: 8px;\n}<\/style><a href=\"https:\/\/www.konectafoundation.org\/es\/areas-de-actividad\/empleabilidad\/\" class=\"default-btn-shortcode dt-btn link-hover-off btn-inline-right btn-flat  vc_custom_1758215255607\" id=\"default-btn-e78f5ddafc2ff55e26efbd3b002278e0\" title=\"Empleabilidad\"><span>Descubre c\u00f3mo lo hacemos<\/span><\/a>[vc_empty_space height=\u00bb22px\u00bb][\/vc_column_inner][vc_column_inner width=\u00bb1\/3&#8243; css=\u00bb.vc_custom_1747505133407{border-top-width: 1px !important;border-right-width: 1px !important;border-bottom-width: 1px !important;border-left-width: 1px !important;border-left-style: solid !important;border-right-style: solid !important;border-top-style: solid !important;border-bottom-style: solid !important;border-radius: 20px !important;border-color: #000000 !important;}\u00bb][vc_column_text css=\u00bb.vc_custom_1747858871785{padding-right: 15px !important;padding-left: 15px !important;}\u00bb]<\/p>\n<h5><span style=\"font-family: poppins-extrabold; color: #ff1952; font-size: 17px;\">Innovaci\u00f3n social<\/span><\/h5>\n<p>Colaborando con universidades, proyectos de investigaci\u00f3n y socios, generamos conocimiento y lo aplicamos para lograr un impacto social positivo.[\/vc_column_text]<style type=\"text\/css\" data-type=\"the7_shortcodes-inline-css\">#default-btn-8339982bf43d9eed2bfffa6dca6500b3 {\n  border-radius: 25px;\n  font-size: 11px;\n  line-height: 13px;\n}\n.btn-shadow#default-btn-8339982bf43d9eed2bfffa6dca6500b3 {\n  box-shadow: 0 1px 6px rgba(0,0,0,0.12);\n  transition: box-shadow 0.2s ease-out, opacity 0.45s;\n}\n.btn-shadow#default-btn-8339982bf43d9eed2bfffa6dca6500b3:hover {\n  box-shadow: 0 5px 11px 0 rgba(0,0,0,0.18), 0 4px 15px 0 rgba(0,0,0,0.15);\n}\n.btn-flat#default-btn-8339982bf43d9eed2bfffa6dca6500b3 {\n  box-shadow: none;\n}\n.btn-flat#default-btn-8339982bf43d9eed2bfffa6dca6500b3:hover {\n  box-shadow: none;\n}\n#default-btn-8339982bf43d9eed2bfffa6dca6500b3.ico-right-side > i {\n  margin-right: 0px;\n  margin-left: 8px;\n}\n#default-btn-8339982bf43d9eed2bfffa6dca6500b3 > i {\n  margin-right: 8px;\n  font-size: 12px;\n}\n#default-btn-8339982bf43d9eed2bfffa6dca6500b3:not(:hover) {\n  border-width: 1px;\n  padding: 10px 12px 10px 12px;\n}\n#default-btn-8339982bf43d9eed2bfffa6dca6500b3:hover {\n  border-width: 1px;\n  padding: 10px 12px 10px 12px;\n}\n#default-btn-8339982bf43d9eed2bfffa6dca6500b3.ico-right-side > i {\n  margin-right: 0px;\n  margin-left: 8px;\n}\n#default-btn-8339982bf43d9eed2bfffa6dca6500b3 > i {\n  margin-right: 8px;\n}<\/style><a href=\"https:\/\/www.konectafoundation.org\/es\/areas-de-actividad\/innovacion-social\/\" class=\"default-btn-shortcode dt-btn link-hover-off btn-inline-right btn-flat  vc_custom_1758215261038\" id=\"default-btn-8339982bf43d9eed2bfffa6dca6500b3\" title=\"Innovaci\u00f3n Social\"><span>Descubre c\u00f3mo lo hacemos<\/span><\/a>[vc_empty_space height=\u00bb22px\u00bb][\/vc_column_inner][vc_column_inner width=\u00bb1\/3&#8243; css=\u00bb.vc_custom_1747505277631{border-top-width: 1px !important;border-right-width: 1px !important;border-bottom-width: 1px !important;border-left-width: 1px !important;border-left-style: solid !important;border-right-style: solid !important;border-top-style: solid !important;border-bottom-style: solid !important;border-radius: 20px !important;border-color: #000000 !important;}\u00bb][vc_column_text css=\u00bb.vc_custom_1756717894378{padding-right: 15px !important;padding-left: 15px !important;}\u00bb]<\/p>\n<h5><span style=\"font-family: poppins-extrabold; color: #ff1952; font-size: 17px;\">Desarrollo comunitario<\/span><\/h5>\n<p>Empoderamos a las comunidades<br \/>\na trav\u00e9s de actividades de base<br \/>\nde alto impacto, asociaciones<br \/>\ncon ONG y voluntariado de<br \/>\nempleados.[\/vc_column_text]<style type=\"text\/css\" data-type=\"the7_shortcodes-inline-css\">#default-btn-331a1265989c7d02082e6706d2dc251b {\n  border-radius: 25px;\n  font-size: 11px;\n  line-height: 13px;\n}\n.btn-shadow#default-btn-331a1265989c7d02082e6706d2dc251b {\n  box-shadow: 0 1px 6px rgba(0,0,0,0.12);\n  transition: box-shadow 0.2s ease-out, opacity 0.45s;\n}\n.btn-shadow#default-btn-331a1265989c7d02082e6706d2dc251b:hover {\n  box-shadow: 0 5px 11px 0 rgba(0,0,0,0.18), 0 4px 15px 0 rgba(0,0,0,0.15);\n}\n.btn-flat#default-btn-331a1265989c7d02082e6706d2dc251b {\n  box-shadow: none;\n}\n.btn-flat#default-btn-331a1265989c7d02082e6706d2dc251b:hover {\n  box-shadow: none;\n}\n#default-btn-331a1265989c7d02082e6706d2dc251b.ico-right-side > i {\n  margin-right: 0px;\n  margin-left: 8px;\n}\n#default-btn-331a1265989c7d02082e6706d2dc251b > i {\n  margin-right: 8px;\n  font-size: 12px;\n}\n#default-btn-331a1265989c7d02082e6706d2dc251b:not(:hover) {\n  border-width: 1px;\n  padding: 10px 12px 10px 12px;\n}\n#default-btn-331a1265989c7d02082e6706d2dc251b:hover {\n  border-width: 1px;\n  padding: 10px 12px 10px 12px;\n}\n#default-btn-331a1265989c7d02082e6706d2dc251b.ico-right-side > i {\n  margin-right: 0px;\n  margin-left: 8px;\n}\n#default-btn-331a1265989c7d02082e6706d2dc251b > i {\n  margin-right: 8px;\n}<\/style><a href=\"https:\/\/www.konectafoundation.org\/es\/areas-de-actividad\/desarrollo-comunitario\/\" class=\"default-btn-shortcode dt-btn link-hover-off btn-inline-right btn-flat  vc_custom_1758215269830\" id=\"default-btn-331a1265989c7d02082e6706d2dc251b\" title=\"Desarrollo Comunitario\"><span>Descubre c\u00f3mo lo hacemos<\/span><\/a>[vc_empty_space height=\u00bb22px\u00bb][\/vc_column_inner][\/vc_row_inner][\/vc_column][\/vc_row][vc_row][vc_column][vc_empty_space][\/vc_column][\/vc_row]<\/p>\n<\/div>","protected":false},"excerpt":{"rendered":"<p>[vc_row][vc_column][vc_empty_space][\/vc_column][\/vc_row][vc_row full_width=\u00bbstretch_row_content\u00bb equal_height=\u00bbyes\u00bb content_placement=\u00bbmiddle\u00bb el_class=\u00bbphone-reverse-col\u00bb][vc_column width=\u00bb1\/2&#8243; css=\u00bb.vc_custom_1747468454427{padding-top: 2% !important;padding-bottom: 2% !important;padding-left: 10% !important;}\u00bb][vc_column_text css=\u00bb.vc_custom_1758215027191{padding-right: 15% !important;padding-left: 15% !important;}\u00bb] Ponte en contacto con la fundaci\u00f3n [\/vc_column_text][vc_column_text css=\u00bb.vc_custom_1758215095928{padding-right: 15% !important;padding-left: 15% !important;}\u00bb] Trabajamos diariamente para promover la inclusi\u00f3n, la empleabilidad y el desarrollo social en las comunidades a las que servimos. Ya sea que est\u00e9s buscando apoyo&hellip;<\/p>\n","protected":false},"author":2,"featured_media":0,"parent":0,"menu_order":0,"comment_status":"closed","ping_status":"closed","template":"","meta":{"footnotes":""},"class_list":["post-5233","page","type-page","status-publish","hentry","description-off"],"yoast_head":"<!-- This site is optimized with the Yoast SEO plugin v26.4 - https:\/\/yoast.com\/wordpress\/plugins\/seo\/ -->\n<title>Cont\u00e1ctanos | Konecta Foundation<\/title>\n<meta name=\"description\" content=\"Ya sea que necesites ayuda de Fundaci\u00f3n Konecta o quieras colaborar con nosotros, estamos aqu\u00ed para ayudarte. Es f\u00e1cil empezar usando nuestro formulario de contacto.\" \/>\n<meta name=\"robots\" content=\"index, follow, max-snippet:-1, max-image-preview:large, max-video-preview:-1\" \/>\n<link rel=\"canonical\" href=\"https:\/\/www.konectafoundation.org\/es\/contactanos\/\" \/>\n<meta property=\"og:locale\" content=\"es_ES\" \/>\n<meta property=\"og:type\" content=\"article\" \/>\n<meta property=\"og:title\" content=\"Cont\u00e1ctanos | Konecta Foundation\" \/>\n<meta property=\"og:description\" content=\"Ya sea que necesites ayuda de Fundaci\u00f3n Konecta o quieras colaborar con nosotros, estamos aqu\u00ed para ayudarte. Es f\u00e1cil empezar usando nuestro formulario de contacto.\" \/>\n<meta property=\"og:url\" content=\"https:\/\/www.konectafoundation.org\/es\/contactanos\/\" \/>\n<meta property=\"og:site_name\" content=\"Konecta Foundation\" \/>\n<meta property=\"article:modified_time\" content=\"2026-03-17T10:29:30+00:00\" \/>\n<meta name=\"twitter:card\" content=\"summary_large_image\" \/>\n<meta name=\"twitter:label1\" content=\"Tiempo de lectura\" \/>\n\t<meta name=\"twitter:data1\" content=\"2 minutos\" \/>\n<script type=\"application\/ld+json\" class=\"yoast-schema-graph\">{\"@context\":\"https:\/\/schema.org\",\"@graph\":[{\"@type\":\"WebPage\",\"@id\":\"https:\/\/www.konectafoundation.org\/es\/contactanos\/\",\"url\":\"https:\/\/www.konectafoundation.org\/es\/contactanos\/\",\"name\":\"Cont\u00e1ctanos | Konecta Foundation\",\"isPartOf\":{\"@id\":\"https:\/\/www.konectafoundation.org\/es\/#website\"},\"datePublished\":\"2025-05-16T22:31:48+00:00\",\"dateModified\":\"2026-03-17T10:29:30+00:00\",\"description\":\"Ya sea que necesites ayuda de Fundaci\u00f3n Konecta o quieras colaborar con nosotros, estamos aqu\u00ed para ayudarte. Es f\u00e1cil empezar usando nuestro formulario de contacto.\",\"breadcrumb\":{\"@id\":\"https:\/\/www.konectafoundation.org\/es\/contactanos\/#breadcrumb\"},\"inLanguage\":\"es\",\"potentialAction\":[{\"@type\":\"ReadAction\",\"target\":[\"https:\/\/www.konectafoundation.org\/es\/contactanos\/\"]}]},{\"@type\":\"BreadcrumbList\",\"@id\":\"https:\/\/www.konectafoundation.org\/es\/contactanos\/#breadcrumb\",\"itemListElement\":[{\"@type\":\"ListItem\",\"position\":1,\"name\":\"Portada\",\"item\":\"https:\/\/konectafoundation.org\/es\/\"},{\"@type\":\"ListItem\",\"position\":2,\"name\":\"Cont\u00e1ctanos\"}]},{\"@type\":\"WebSite\",\"@id\":\"https:\/\/www.konectafoundation.org\/es\/#website\",\"url\":\"https:\/\/www.konectafoundation.org\/es\/\",\"name\":\"Konecta Foundation\",\"description\":\"\",\"potentialAction\":[{\"@type\":\"SearchAction\",\"target\":{\"@type\":\"EntryPoint\",\"urlTemplate\":\"https:\/\/www.konectafoundation.org\/es\/?s={search_term_string}\"},\"query-input\":{\"@type\":\"PropertyValueSpecification\",\"valueRequired\":true,\"valueName\":\"search_term_string\"}}],\"inLanguage\":\"es\"}]}<\/script>\n<!-- \/ Yoast SEO plugin. -->","yoast_head_json":{"title":"Cont\u00e1ctanos | Konecta Foundation","description":"Ya sea que necesites ayuda de Fundaci\u00f3n Konecta o quieras colaborar con nosotros, estamos aqu\u00ed para ayudarte. Es f\u00e1cil empezar usando nuestro formulario de contacto.","robots":{"index":"index","follow":"follow","max-snippet":"max-snippet:-1","max-image-preview":"max-image-preview:large","max-video-preview":"max-video-preview:-1"},"canonical":"https:\/\/www.konectafoundation.org\/es\/contactanos\/","og_locale":"es_ES","og_type":"article","og_title":"Cont\u00e1ctanos | Konecta Foundation","og_description":"Ya sea que necesites ayuda de Fundaci\u00f3n Konecta o quieras colaborar con nosotros, estamos aqu\u00ed para ayudarte. Es f\u00e1cil empezar usando nuestro formulario de contacto.","og_url":"https:\/\/www.konectafoundation.org\/es\/contactanos\/","og_site_name":"Konecta Foundation","article_modified_time":"2026-03-17T10:29:30+00:00","twitter_card":"summary_large_image","twitter_misc":{"Tiempo de lectura":"2 minutos"},"schema":{"@context":"https:\/\/schema.org","@graph":[{"@type":"WebPage","@id":"https:\/\/www.konectafoundation.org\/es\/contactanos\/","url":"https:\/\/www.konectafoundation.org\/es\/contactanos\/","name":"Cont\u00e1ctanos | Konecta Foundation","isPartOf":{"@id":"https:\/\/www.konectafoundation.org\/es\/#website"},"datePublished":"2025-05-16T22:31:48+00:00","dateModified":"2026-03-17T10:29:30+00:00","description":"Ya sea que necesites ayuda de Fundaci\u00f3n Konecta o quieras colaborar con nosotros, estamos aqu\u00ed para ayudarte. Es f\u00e1cil empezar usando nuestro formulario de contacto.","breadcrumb":{"@id":"https:\/\/www.konectafoundation.org\/es\/contactanos\/#breadcrumb"},"inLanguage":"es","potentialAction":[{"@type":"ReadAction","target":["https:\/\/www.konectafoundation.org\/es\/contactanos\/"]}]},{"@type":"BreadcrumbList","@id":"https:\/\/www.konectafoundation.org\/es\/contactanos\/#breadcrumb","itemListElement":[{"@type":"ListItem","position":1,"name":"Portada","item":"https:\/\/konectafoundation.org\/es\/"},{"@type":"ListItem","position":2,"name":"Cont\u00e1ctanos"}]},{"@type":"WebSite","@id":"https:\/\/www.konectafoundation.org\/es\/#website","url":"https:\/\/www.konectafoundation.org\/es\/","name":"Konecta Foundation","description":"","potentialAction":[{"@type":"SearchAction","target":{"@type":"EntryPoint","urlTemplate":"https:\/\/www.konectafoundation.org\/es\/?s={search_term_string}"},"query-input":{"@type":"PropertyValueSpecification","valueRequired":true,"valueName":"search_term_string"}}],"inLanguage":"es"}]}},"_links":{"self":[{"href":"https:\/\/www.konectafoundation.org\/es\/wp-json\/wp\/v2\/pages\/5233","targetHints":{"allow":["GET"]}}],"collection":[{"href":"https:\/\/www.konectafoundation.org\/es\/wp-json\/wp\/v2\/pages"}],"about":[{"href":"https:\/\/www.konectafoundation.org\/es\/wp-json\/wp\/v2\/types\/page"}],"author":[{"embeddable":true,"href":"https:\/\/www.konectafoundation.org\/es\/wp-json\/wp\/v2\/users\/2"}],"replies":[{"embeddable":true,"href":"https:\/\/www.konectafoundation.org\/es\/wp-json\/wp\/v2\/comments?post=5233"}],"version-history":[{"count":20,"href":"https:\/\/www.konectafoundation.org\/es\/wp-json\/wp\/v2\/pages\/5233\/revisions"}],"predecessor-version":[{"id":18659,"href":"https:\/\/www.konectafoundation.org\/es\/wp-json\/wp\/v2\/pages\/5233\/revisions\/18659"}],"wp:attachment":[{"href":"https:\/\/www.konectafoundation.org\/es\/wp-json\/wp\/v2\/media?parent=5233"}],"curies":[{"name":"wp","href":"https:\/\/api.w.org\/{rel}","templated":true}]}}