{"id":5365,"date":"2025-05-19T09:17:33","date_gmt":"2025-05-19T07:17:33","guid":{"rendered":"https:\/\/www.konectafoundation.org\/legal-notice\/"},"modified":"2025-11-14T11:45:08","modified_gmt":"2025-11-14T09:45:08","slug":"aviso-legal","status":"publish","type":"page","link":"https:\/\/www.konectafoundation.org\/es\/aviso-legal\/","title":{"rendered":"Aviso Legal"},"content":{"rendered":"<div class=\"wpb-content-wrapper\"><p>[vc_row][vc_column]<style type=\"text\/css\" data-type=\"the7_shortcodes-inline-css\">.dt-breadcrumbs-id-a4cd0da48ce6e1f199747d23228a2406 .breadcrumbs {\n  display: inline-block;\n  margin: 0;\n  padding: 2px 10px 2px 10px;\n  border: 0px solid ;\n  border-radius: 0px;\n}\n.dt-breadcrumbs-id-a4cd0da48ce6e1f199747d23228a2406 .breadcrumbs * {\n  font-size: 12px;\n  color: #000000;\n}<\/style><div class=\"dt-breadcrumbs-shortcode dt-breadcrumbs-id-a4cd0da48ce6e1f199747d23228a2406 align-left\"><div class=\"assistive-text\">Est\u00e1s aqu\u00ed:<\/div><ol class=\"breadcrumbs text-small\" itemscope itemtype=\"https:\/\/schema.org\/BreadcrumbList\"><li itemprop=\"itemListElement\" itemscope itemtype=\"https:\/\/schema.org\/ListItem\"><a itemprop=\"item\" href=\"https:\/\/www.konectafoundation.org\/es\/\" title=\"Inicio\"><span itemprop=\"name\">Inicio<\/span><\/a><meta itemprop=\"position\" content=\"1\" \/><\/li><li class=\"current\" itemprop=\"itemListElement\" itemscope itemtype=\"https:\/\/schema.org\/ListItem\"><span itemprop=\"name\">P\u00e1gina<\/span><meta itemprop=\"position\" content=\"2\" \/><\/li><\/ol><\/div>[vc_empty_space][\/vc_column][\/vc_row][vc_row full_width=\u00bbstretch_row_content\u00bb equal_height=\u00bbyes\u00bb content_placement=\u00bbmiddle\u00bb el_class=\u00bbphone-reverse-col\u00bb][vc_column css=\u00bb.vc_custom_1747468454427{padding-top: 2% !important;padding-bottom: 2% !important;padding-left: 10% !important;}\u00bb][vc_column_text css=\u00bb.vc_custom_1749467910329{padding-right: 15% !important;padding-left: 15% !important;}\u00bb]<\/p>\n<h1>Aviso Legal<\/h1>\n<p>[\/vc_column_text][\/vc_column][\/vc_row][vc_row][vc_column][vc_column_text css=\u00bb\u00bb]<strong>1. DESTINATARIOS Y MODIFICACIONES DEL SITIO WEB<br \/>\n<\/strong>Le informamos que el Sitio Web de Internet: www.konectafoundation.org y relacionados (en adelante, el \u00bbSitio Web\u00bb) que KONECTA FOUNDATION con domicilio social en Edificio Los Cubos, Calle Albacete 5, planta 11\u00aa 28027 Madrid, Espa\u00f1a (en adelante, denominada \u00abKONECTA FOUNDATION\u00bb), pone a su disposici\u00f3n como usuario (en adelante, el \u00bbUsuario\u00bb).<\/p>\n<p>El acceso y\/o uso del Sitio Web le atribuye la condici\u00f3n de Usuario, y acepta, desde dicho acceso y\/o uso, el presente Aviso Legal. KONECTA FOUNDATION se reserva el derecho de modificar en cualquier momento las presentes Condiciones de Uso del Sitio Web as\u00ed como cualesquiera otras condiciones o particulares, reglamentos de uso, instrucciones o avisos que resulten de aplicaci\u00f3n. Asimismo, KONECTA FOUNDATION se reserva el derecho de suspender, interrumpir o dejar de operar el Sitio Web en cualquier momento.<\/p>\n<p><strong>2. OBJETO<br \/>\n<\/strong>KONECTA FOUNDATION proporciona el acceso a trav\u00e9s de su Sitio Web a diversos contenidos, informaci\u00f3n y datos (en adelante, los \u00abContenidos\u00bb) puestos a disposici\u00f3n del Usuario por KONECTA FOUNDATION o por terceros proveedores de servicios y contenidos. KONECTA FOUNDATION se reserva el derecho de modificar en cualquier momento la presentaci\u00f3n, configuraci\u00f3n y localizaci\u00f3n del Sitio Web, as\u00ed como los Contenidos y las condiciones requeridas para utilizar los mismos.<\/p>\n<p><strong>3. CONDICIONES DE ACCESO Y USO DEL SITIO WEB<br \/>\n<\/strong><strong>3.1. Acceso y uso del Sitio Web<\/strong><\/p>\n<p>El Usuario reconoce y acepta que el acceso y uso del Sitio Web y\/o de los Contenidos incluidos en el mismo tiene lugar de forma libre y consciente, bajo su exclusiva responsabilidad. El Usuario se compromete a hacer un uso adecuado y l\u00edcito del Sitio Web y de los Contenidos, de conformidad con la legislaci\u00f3n aplicable, las presentes Condiciones de Uso del Sitio Web, la moral y buenas costumbres generalmente aceptadas y el orden p\u00fablico.<\/p>\n<p>El Usuario deber\u00e1 abstenerse de (I) hacer un uso no autorizado o fraudulento del Sitio Web y\/o de los Contenidos; (II) acceder o intentar acceder a recursos o \u00e1reas restringidas del Sitio Web, sin cumplir las condiciones exigidas para dicho acceso; (III) utilizar el Sitio Web y\/o los Contenidos con fines o efectos il\u00edcitos, ilegales, contrarios a lo establecido en las presentes Condiciones, a la buena fe y al orden p\u00fablico, lesivos de los derechos e intereses de terceros, o que de cualquier forma puedan da\u00f1ar, inutilizar o sobrecargar el Sitio Web o impedir la normal utilizaci\u00f3n o disfrute del Sitio Web; (IV) provocar da\u00f1os en los sistemas f\u00edsicos o l\u00f3gicos de KONECTA FOUNDATION, de sus proveedores o de terceros; (V) introducir o difundir en la red virus inform\u00e1ticos o cualesquiera otros sistemas f\u00edsicos o l\u00f3gicos que sean susceptibles de provocar da\u00f1os en los sistemas f\u00edsicos o l\u00f3gicos de KONECTA FOUNDATION, de sus proveedores o de terceros, (VI) intentar acceder, utilizar y\/o manipular los datos de KONECTA FOUNDATION, terceros proveedores y otros usuarios; (VII) reproducir o copiar, distribuir, permitir el acceso del p\u00fablico a trav\u00e9s de cualquier modalidad de comunicaci\u00f3n p\u00fablica, transformar o modificar los Contenidos, a menos que se cuente con la autorizaci\u00f3n del titular de los correspondientes derechos o ello resulte legalmente permitido; (VIII) suprimir, ocultar o manipular las notas sobre derechos de propiedad intelectual o industrial y dem\u00e1s datos identificativos de los derechos de KONECTA FOUNDATION o de terceros incorporados a los Contenidos, as\u00ed como los dispositivos t\u00e9cnicos de protecci\u00f3n o cualesquiera mecanismos de informaci\u00f3n que puedan insertarse en los Contenidos; (IX) obtener e intentar obtener los Contenidos empleando para ello medios o procedimientos distintos de los que, seg\u00fan los casos, se hayan puesto a su disposici\u00f3n a este efecto o se hayan indicado expresamente en las p\u00e1ginas web donde se encuentren los Contenidos o, en general, de los que se empleen habitualmente en Internet por no entra\u00f1ar un riesgo de da\u00f1o o inutilizaci\u00f3n del Sitio Web y\/o de los Contenidos.<\/p>\n<p>KONECTA FOUNDATION advierte de que los materiales contenidos en este Sitio Web han sido incluidos a mero t\u00edtulo informativo, por lo que pueden resultar insuficientes para tomar decisiones o asumir posiciones en un caso concreto.<\/p>\n<p>El Usuario debe tener en cuenta que los materiales contenidos en esta Plataforma pudieran no reflejar el estado legislativo o jurisprudencial m\u00e1s reciente sobre las cuestiones analizadas. Asimismo, estos materiales pueden ser modificados, desarrollados o actualizados sin notificaci\u00f3n previa.<\/p>\n<p><strong>3.2. Introducci\u00f3n de enlaces<\/strong><\/p>\n<p>KONECTA FOUNDATION no asume ninguna responsabilidad sobre los enlaces a otras aplicaciones o sitios web que se encuentren en la Plataforma de KONECTA FOUNDATION, pudiendo dirigir al Usuario a otras aplicaciones o sitios web sobre los que KONECTA FOUNDATION no tiene ning\u00fan tipo de control.<\/p>\n<p>KONECTA FOUNDATION no se hace responsable de la informaci\u00f3n contenida en estos enlaces de terceros ni de cualesquiera efectos que pudieran derivarse de dicha informaci\u00f3n.<\/p>\n<p>La inclusi\u00f3n de v\u00ednculos con otros sitios web o aplicaciones no implica la aprobaci\u00f3n de sus contenidos por parte de KONECTA FOUNDATION ni la existencia de ning\u00fan tipo de asociaci\u00f3n entre KONECTA FOUNDATION y sus titulares.<\/p>\n<p>En consecuencia, el Usuario accede bajo su exclusiva responsabilidad al Contenido y en las condiciones de uso que rijan en los mismos.<\/p>\n<p>En consecuencia, el Usuario accede bajo su exclusiva responsabilidad al Contenido y en las condiciones de uso que rijan en los mismos. Aquellos Usuarios que deseen establecer un hiperv\u00ednculo o enlace con el Sitio Web de KONECTA FOUNDATION, deber\u00e1n obtener la autorizaci\u00f3n previa de este y quedar\u00e1n sujetos al cumplimiento de las siguientes obligaciones: (I) el enlace \u00fanicamente permitir\u00e1 el acceso al Sitio Web, pero no podr\u00e1 reproducirlo de ninguna forma; (II) no se establecer\u00e1n enlaces con otras p\u00e1ginas distintas de la p\u00e1gina principal del Sitio Web www.konectafoundation.org y se utilice una ventana exclusiva en el navegador para la apertura de dicho enlace; (III) no se podr\u00e1n utilizar marcos, ni cualesquiera otros medios que puedan crear la presunci\u00f3n de que existe una relaci\u00f3n entre KONECTA FOUNDATION y el sitio web en que se incluya el enlace; (IV) no se realizar\u00e1n manifestaciones o indicaciones falsas, inexactas o incorrectas sobre el Sitio Web; (V) no se declarar\u00e1 ni dar\u00e1 a entender que KONECTA FOUNDATION ha supervisado o asumido de cualquier forma los contenidos o servicios ofrecidos o anunciados en el sitio web en el que se establece el enlace; (VI) el sitio web en el que se establezca el enlace no contendr\u00e1 ninguna marca, nombre comercial, r\u00f3tulo de establecimiento, denominaci\u00f3n, logotipo, eslogan u otros signos distintivos pertenecientes a KONECTA FOUNDATION y\/o a terceros, sin su autorizaci\u00f3n; (VII) el sitio web en el que se incluya el enlace no podr\u00e1 contener informaciones, im\u00e1genes ni cualesquiera otros elementos contrarios a la ley, la moral, el orden p\u00fablico o las buenas costumbres.<\/p>\n<p>KONECTA FOUNDATION se reserva el derecho de prohibir la inclusi\u00f3n de enlaces a su Sitio Web en el caso de que considere que el sitio en el que se ha incluido el enlace no cumple los requisitos indicados y, en ning\u00fan caso responder\u00e1 de las consecuencias que pudieran derivarse de la introducci\u00f3n de los enlaces por parte de terceros, ni de los contenidos, informaci\u00f3n y\/servicios ofrecidos en los sitios web en los que se haya establecido el enlace.<\/p>\n<p><strong>4. DERECHOS DE PROPIEDAD INDUSTRIAL E INTELECTUAL<br \/>\n<\/strong>El Usuario reconoce y acepta que todos los derechos de propiedad industrial e intelectual sobre los Contenidos y\/o cualesquiera otros elementos insertados en el Sitio Web (incluyendo sin limitaci\u00f3n, marcas, logotipos, nombres comerciales, textos, im\u00e1genes, gr\u00e1ficos, audio y v\u00eddeo, bases de datos, software y presentaci\u00f3n) pertenecen a KONECTA FOUNDATION y\/o a terceros.<\/p>\n<p>En ning\u00fan caso el acceso al Sitio Web implica ning\u00fan tipo de renuncia, transmisi\u00f3n, licencia o cesi\u00f3n total ni parcial de dichos derechos, salvo que se establezca expresamente lo contrario. Las presentes Condiciones de Uso del Sitio Web no confieren a los Usuarios ning\u00fan otro derecho de utilizaci\u00f3n, alteraci\u00f3n, explotaci\u00f3n, reproducci\u00f3n, distribuci\u00f3n o comunicaci\u00f3n p\u00fablica del Sitio Web y\/o de sus Contenidos distintos de los aqu\u00ed expresamente previstos.<\/p>\n<p>Cualquier otro uso o explotaci\u00f3n de cualesquiera derechos estar\u00e1 sujeto a la previa y expresa autorizaci\u00f3n espec\u00edficamente otorgada a tal efecto por KONECTA FOUNDATION o el tercero titular de los derechos afectados. KONECTA FOUNDATION autoriza a los Usuarios a utilizar, visualizar e imprimir los Contenidos y\/o los elementos insertados en el Sitio Web exclusivamente para su uso personal, privado y no lucrativo.<\/p>\n<p>Queda terminantemente prohibida la utilizaci\u00f3n de tales elementos, su reproducci\u00f3n, comunicaci\u00f3n y\/o distribuci\u00f3n con fines comerciales o lucrativos, as\u00ed como su modificaci\u00f3n, alteraci\u00f3n, o descompilaci\u00f3n. Para cualquier otro uso distinto de los expresamente permitidos, ser\u00e1 necesario obtener el consentimiento previo por escrito del titular de los derechos de que se trate. KONECTA FOUNDATION perseguir\u00e1 ante los tribunales las vulneraciones de sus derechos de propiedad intelectual e industrial.<\/p>\n<p><strong>5. EXCLUSI\u00d3N DE GARANT\u00cdAS Y DE RESPONSABILIDAD<br \/>\n<\/strong><strong>5.1. Exclusi\u00f3n de garant\u00edas y de responsabilidad por el funcionamiento del Sitio Web<\/strong><\/p>\n<p>KONECTA FOUNDATION no garantiza la disponibilidad y continuidad del funcionamiento del Sitio Web o de aquellos sitios web con los que se haya establecido un enlace. Asimismo, KONECTA FOUNDATION no ser\u00e1 en ning\u00fan caso responsable por cualesquiera da\u00f1os y perjuicios que puedan derivarse de (I) la falta de disponibilidad o accesibilidad al Sitio Web o a aquellos sitios con los que se haya establecido un enlace; (II) la interrupci\u00f3n en el funcionamiento del Sitio Web o fallos inform\u00e1ticos, aver\u00edas telef\u00f3nicas, desconexiones, retrasos o bloqueos causados por deficiencias o sobrecargas en las l\u00edneas telef\u00f3nicas, en el sistema de Internet o en otros sistemas electr\u00f3nicos producidos en el curso de su funcionamiento; (III) la falta de idoneidad del Sitio Web para las necesidades espec\u00edficas del Usuario; (IV) otros da\u00f1os que puedan ser causados por terceras personas mediante intromisiones no autorizadas ajenas al control de KONECTA FOUNDATION; (V) la presencia de virus u otros elementos que puedan producir alteraciones en los sistemas f\u00edsicos o l\u00f3gicos, documentos electr\u00f3nicos o ficheros de los Usuarios.<\/p>\n<p><strong>5.2 Exclusi\u00f3n de garant\u00edas y de responsabilidad por el uso del Sitio Web<\/strong><\/p>\n<p>KONECTA FOUNDATION no se har\u00e1 responsable en ning\u00fan caso del uso que los Usuarios y\/o terceros pudieran hacer del Sitio Web o los Contenidos, ni de los da\u00f1os y perjuicios que pudieran derivarse del mismo.<\/p>\n<p><strong>5.3 Exclusi\u00f3n de garant\u00edas y de responsabilidad por los Contenidos<\/strong><\/p>\n<p>KONECTA FOUNDATION no edita los Contenidos de terceros publicados en el Sitio Web ni se hace responsable de la licitud, fiabilidad, veracidad, exactitud, exhaustividad y actualidad de dichos Contenidos.<\/p>\n<p><strong>5.4 Exclusi\u00f3n de garant\u00edas y de responsabilidad en relaci\u00f3n con los enlaces<\/strong><\/p>\n<p>El Sitio Web puede poner a disposici\u00f3n de los Usuarios dispositivos t\u00e9cnicos de enlace que permiten a los Usuarios acceder a p\u00e1ginas y\/o sitios web pertenecientes a y\/o gestionados por terceros. KONECTA FOUNDATION comprueba el contenido existente en dichas p\u00e1ginas en el momento en que establece un link a las mismas y lo hace en la creencia de buena fe de que tales contenidos cumplen con la legislaci\u00f3n aplicable.<\/p>\n<p>No obstante, en ning\u00fan caso, KONECTA FOUNDATION se hace responsable, aprueba, ni hace propios los productos, servicios, contenidos, informaci\u00f3n, datos, archivos y cualquier clase de material existente en tales p\u00e1ginas web y no controla ni se hace responsable, aprueba o hace propias las sucesivas modificaciones de dichos materiales. En el caso de que as\u00ed lo estime oportuno o le sea requerido por orden judicial o administrativa, KONECTA FOUNDATION remover\u00e1 los enlaces a aquellas p\u00e1ginas web que infrinjan la legislaci\u00f3n aplicable y\/o lesionen los derechos de terceros.<\/p>\n<p><strong>6. ACCIONES EN CASO DE INCUMPLIMIENTO<br \/>\n<\/strong>KONECTA FOUNDATION se reserva el derecho a ejercer cuantas acciones est\u00e9n disponibles en derecho para exigir las responsabilidades que se deriven del incumplimiento de cualquiera de las disposiciones de estas Condiciones de Uso del Sitio Web por parte de un Usuario.<\/p>\n<p>KONECTA FOUNDATION se reserva el derecho a ejercer cuantas acciones est\u00e9n disponibles en derecho para exigir las responsabilidades que se deriven del incumplimiento de cualquiera de las disposiciones de estas Condiciones de Uso del Sitio Web por parte de un Usuario.<\/p>\n<p><strong>7. NULIDAD PARCIAL<br \/>\n<\/strong><\/p>\n<p>La declaraci\u00f3n de cualquiera de estas condiciones como nula, inv\u00e1lida o ineficaz no afectar\u00e1 a la validez o eficacia de las restantes, que seguir\u00e1n siendo vinculantes entre las partes.<\/p>\n<p>La renuncia por cualquiera de las partes a exigir en un momento determinado el cumplimiento de alguna de las condiciones aqu\u00ed estipuladas no implicar\u00e1 una renuncia general al cumplimiento de otra condici\u00f3n o condiciones, ni crear\u00e1 un derecho adquirido para la otra parte.<\/p>\n<p>El hecho de que KONECTA FOUNDATION no exija el cumplimiento estricto de cualquiera de las disposiciones de este Aviso Legal no constituye ni puede interpretarse en modo alguno como una renuncia por su parte a exigir su estricto cumplimiento en el futuro.<\/p>\n<p><strong>8. LEGISLACI\u00d3N Y JURISDICCI\u00d3N APLICABLES<br \/>\n<\/strong>La prestaci\u00f3n del servicio del Sitio Web y las presentes Condiciones de Uso del Sitio Web se rigen por la ley espa\u00f1ola. En la medida en que as\u00ed lo permita la ley, las partes, con renuncia expresa a cualquier otro fuero que pudiera corresponderles, acuerdan someterse a la jurisdicci\u00f3n de los Juzgados y Tribunales de la ciudad de Madrid.[\/vc_column_text][\/vc_column][\/vc_row]<\/p>\n<\/div>","protected":false},"excerpt":{"rendered":"<p>[vc_row][vc_column][vc_empty_space][\/vc_column][\/vc_row][vc_row full_width=\u00bbstretch_row_content\u00bb equal_height=\u00bbyes\u00bb content_placement=\u00bbmiddle\u00bb el_class=\u00bbphone-reverse-col\u00bb][vc_column css=\u00bb.vc_custom_1747468454427{padding-top: 2% !important;padding-bottom: 2% !important;padding-left: 10% !important;}\u00bb][vc_column_text css=\u00bb.vc_custom_1749467910329{padding-right: 15% !important;padding-left: 15% !important;}\u00bb] Aviso Legal [\/vc_column_text][\/vc_column][\/vc_row][vc_row][vc_column][vc_column_text css=\u00bb\u00bb]1. DESTINATARIOS Y MODIFICACIONES DEL SITIO WEB Le informamos que el Sitio Web de Internet: www.konectafoundation.org y relacionados (en adelante, el \u00bbSitio Web\u00bb) que KONECTA FOUNDATION con domicilio social en Edificio Los Cubos, Calle Albacete&hellip;<\/p>\n","protected":false},"author":2,"featured_media":0,"parent":0,"menu_order":0,"comment_status":"closed","ping_status":"closed","template":"","meta":{"footnotes":""},"class_list":["post-5365","page","type-page","status-publish","hentry","description-off"],"yoast_head":"<!-- This site is optimized with the Yoast SEO plugin v26.4 - https:\/\/yoast.com\/wordpress\/plugins\/seo\/ -->\n<title>Aviso Legal - Konecta Foundation<\/title>\n<meta name=\"robots\" content=\"index, follow, max-snippet:-1, max-image-preview:large, max-video-preview:-1\" \/>\n<link rel=\"canonical\" href=\"https:\/\/www.konectafoundation.org\/es\/aviso-legal\/\" \/>\n<meta property=\"og:locale\" content=\"es_ES\" \/>\n<meta property=\"og:type\" content=\"article\" \/>\n<meta property=\"og:title\" content=\"Aviso Legal - Konecta Foundation\" \/>\n<meta property=\"og:description\" content=\"[vc_row][vc_column][vc_empty_space][\/vc_column][\/vc_row][vc_row full_width=\u00bbstretch_row_content\u00bb equal_height=\u00bbyes\u00bb content_placement=\u00bbmiddle\u00bb el_class=\u00bbphone-reverse-col\u00bb][vc_column css=\u00bb.vc_custom_1747468454427{padding-top: 2% !important;padding-bottom: 2% !important;padding-left: 10% !important;}\u00bb][vc_column_text css=\u00bb.vc_custom_1749467910329{padding-right: 15% !important;padding-left: 15% !important;}\u00bb] Aviso Legal [\/vc_column_text][\/vc_column][\/vc_row][vc_row][vc_column][vc_column_text css=\u00bb\u00bb]1. DESTINATARIOS Y MODIFICACIONES DEL SITIO WEB Le informamos que el Sitio Web de Internet: www.konectafoundation.org y relacionados (en adelante, el \u00bbSitio Web\u00bb) que KONECTA FOUNDATION con domicilio social en Edificio Los Cubos, Calle Albacete&hellip;\" \/>\n<meta property=\"og:url\" content=\"https:\/\/www.konectafoundation.org\/es\/aviso-legal\/\" \/>\n<meta property=\"og:site_name\" content=\"Konecta Foundation\" \/>\n<meta property=\"article:modified_time\" content=\"2025-11-14T09:45:08+00:00\" \/>\n<meta name=\"twitter:card\" content=\"summary_large_image\" \/>\n<meta name=\"twitter:label1\" content=\"Tiempo de lectura\" \/>\n\t<meta name=\"twitter:data1\" content=\"10 minutos\" \/>\n<script type=\"application\/ld+json\" class=\"yoast-schema-graph\">{\"@context\":\"https:\/\/schema.org\",\"@graph\":[{\"@type\":\"WebPage\",\"@id\":\"https:\/\/www.konectafoundation.org\/es\/aviso-legal\/\",\"url\":\"https:\/\/www.konectafoundation.org\/es\/aviso-legal\/\",\"name\":\"Aviso Legal - Konecta Foundation\",\"isPartOf\":{\"@id\":\"https:\/\/www.konectafoundation.org\/es\/#website\"},\"datePublished\":\"2025-05-19T07:17:33+00:00\",\"dateModified\":\"2025-11-14T09:45:08+00:00\",\"breadcrumb\":{\"@id\":\"https:\/\/www.konectafoundation.org\/es\/aviso-legal\/#breadcrumb\"},\"inLanguage\":\"es\",\"potentialAction\":[{\"@type\":\"ReadAction\",\"target\":[\"https:\/\/www.konectafoundation.org\/es\/aviso-legal\/\"]}]},{\"@type\":\"BreadcrumbList\",\"@id\":\"https:\/\/www.konectafoundation.org\/es\/aviso-legal\/#breadcrumb\",\"itemListElement\":[{\"@type\":\"ListItem\",\"position\":1,\"name\":\"Portada\",\"item\":\"https:\/\/konectafoundation.org\/es\/\"},{\"@type\":\"ListItem\",\"position\":2,\"name\":\"Aviso Legal\"}]},{\"@type\":\"WebSite\",\"@id\":\"https:\/\/www.konectafoundation.org\/es\/#website\",\"url\":\"https:\/\/www.konectafoundation.org\/es\/\",\"name\":\"Konecta Foundation\",\"description\":\"\",\"potentialAction\":[{\"@type\":\"SearchAction\",\"target\":{\"@type\":\"EntryPoint\",\"urlTemplate\":\"https:\/\/www.konectafoundation.org\/es\/?s={search_term_string}\"},\"query-input\":{\"@type\":\"PropertyValueSpecification\",\"valueRequired\":true,\"valueName\":\"search_term_string\"}}],\"inLanguage\":\"es\"}]}<\/script>\n<!-- \/ Yoast SEO plugin. -->","yoast_head_json":{"title":"Aviso Legal - Konecta Foundation","robots":{"index":"index","follow":"follow","max-snippet":"max-snippet:-1","max-image-preview":"max-image-preview:large","max-video-preview":"max-video-preview:-1"},"canonical":"https:\/\/www.konectafoundation.org\/es\/aviso-legal\/","og_locale":"es_ES","og_type":"article","og_title":"Aviso Legal - Konecta Foundation","og_description":"[vc_row][vc_column][vc_empty_space][\/vc_column][\/vc_row][vc_row full_width=\u00bbstretch_row_content\u00bb equal_height=\u00bbyes\u00bb content_placement=\u00bbmiddle\u00bb el_class=\u00bbphone-reverse-col\u00bb][vc_column css=\u00bb.vc_custom_1747468454427{padding-top: 2% !important;padding-bottom: 2% !important;padding-left: 10% !important;}\u00bb][vc_column_text css=\u00bb.vc_custom_1749467910329{padding-right: 15% !important;padding-left: 15% !important;}\u00bb] Aviso Legal [\/vc_column_text][\/vc_column][\/vc_row][vc_row][vc_column][vc_column_text css=\u00bb\u00bb]1. DESTINATARIOS Y MODIFICACIONES DEL SITIO WEB Le informamos que el Sitio Web de Internet: www.konectafoundation.org y relacionados (en adelante, el \u00bbSitio Web\u00bb) que KONECTA FOUNDATION con domicilio social en Edificio Los Cubos, Calle Albacete&hellip;","og_url":"https:\/\/www.konectafoundation.org\/es\/aviso-legal\/","og_site_name":"Konecta Foundation","article_modified_time":"2025-11-14T09:45:08+00:00","twitter_card":"summary_large_image","twitter_misc":{"Tiempo de lectura":"10 minutos"},"schema":{"@context":"https:\/\/schema.org","@graph":[{"@type":"WebPage","@id":"https:\/\/www.konectafoundation.org\/es\/aviso-legal\/","url":"https:\/\/www.konectafoundation.org\/es\/aviso-legal\/","name":"Aviso Legal - Konecta Foundation","isPartOf":{"@id":"https:\/\/www.konectafoundation.org\/es\/#website"},"datePublished":"2025-05-19T07:17:33+00:00","dateModified":"2025-11-14T09:45:08+00:00","breadcrumb":{"@id":"https:\/\/www.konectafoundation.org\/es\/aviso-legal\/#breadcrumb"},"inLanguage":"es","potentialAction":[{"@type":"ReadAction","target":["https:\/\/www.konectafoundation.org\/es\/aviso-legal\/"]}]},{"@type":"BreadcrumbList","@id":"https:\/\/www.konectafoundation.org\/es\/aviso-legal\/#breadcrumb","itemListElement":[{"@type":"ListItem","position":1,"name":"Portada","item":"https:\/\/konectafoundation.org\/es\/"},{"@type":"ListItem","position":2,"name":"Aviso Legal"}]},{"@type":"WebSite","@id":"https:\/\/www.konectafoundation.org\/es\/#website","url":"https:\/\/www.konectafoundation.org\/es\/","name":"Konecta Foundation","description":"","potentialAction":[{"@type":"SearchAction","target":{"@type":"EntryPoint","urlTemplate":"https:\/\/www.konectafoundation.org\/es\/?s={search_term_string}"},"query-input":{"@type":"PropertyValueSpecification","valueRequired":true,"valueName":"search_term_string"}}],"inLanguage":"es"}]}},"_links":{"self":[{"href":"https:\/\/www.konectafoundation.org\/es\/wp-json\/wp\/v2\/pages\/5365","targetHints":{"allow":["GET"]}}],"collection":[{"href":"https:\/\/www.konectafoundation.org\/es\/wp-json\/wp\/v2\/pages"}],"about":[{"href":"https:\/\/www.konectafoundation.org\/es\/wp-json\/wp\/v2\/types\/page"}],"author":[{"embeddable":true,"href":"https:\/\/www.konectafoundation.org\/es\/wp-json\/wp\/v2\/users\/2"}],"replies":[{"embeddable":true,"href":"https:\/\/www.konectafoundation.org\/es\/wp-json\/wp\/v2\/comments?post=5365"}],"version-history":[{"count":6,"href":"https:\/\/www.konectafoundation.org\/es\/wp-json\/wp\/v2\/pages\/5365\/revisions"}],"predecessor-version":[{"id":18088,"href":"https:\/\/www.konectafoundation.org\/es\/wp-json\/wp\/v2\/pages\/5365\/revisions\/18088"}],"wp:attachment":[{"href":"https:\/\/www.konectafoundation.org\/es\/wp-json\/wp\/v2\/media?parent=5365"}],"curies":[{"name":"wp","href":"https:\/\/api.w.org\/{rel}","templated":true}]}}