{"id":5367,"date":"2025-05-06T08:18:15","date_gmt":"2025-05-06T06:18:15","guid":{"rendered":"https:\/\/www.konectafoundation.org\/privacy-policy\/"},"modified":"2025-11-14T13:39:17","modified_gmt":"2025-11-14T11:39:17","slug":"politica-de-privacidad","status":"publish","type":"page","link":"https:\/\/www.konectafoundation.org\/es\/politica-de-privacidad\/","title":{"rendered":"Pol\u00edtica de Privacidad"},"content":{"rendered":"<div class=\"wpb-content-wrapper\"><p>[vc_row][vc_column]<style type=\"text\/css\" data-type=\"the7_shortcodes-inline-css\">.dt-breadcrumbs-id-a4cd0da48ce6e1f199747d23228a2406 .breadcrumbs {\n  display: inline-block;\n  margin: 0;\n  padding: 2px 10px 2px 10px;\n  border: 0px solid ;\n  border-radius: 0px;\n}\n.dt-breadcrumbs-id-a4cd0da48ce6e1f199747d23228a2406 .breadcrumbs * {\n  font-size: 12px;\n  color: #000000;\n}<\/style><div class=\"dt-breadcrumbs-shortcode dt-breadcrumbs-id-a4cd0da48ce6e1f199747d23228a2406 align-left\"><div class=\"assistive-text\">Est\u00e1s aqu\u00ed:<\/div><ol class=\"breadcrumbs text-small\" itemscope itemtype=\"https:\/\/schema.org\/BreadcrumbList\"><li itemprop=\"itemListElement\" itemscope itemtype=\"https:\/\/schema.org\/ListItem\"><a itemprop=\"item\" href=\"https:\/\/www.konectafoundation.org\/es\/\" title=\"Inicio\"><span itemprop=\"name\">Inicio<\/span><\/a><meta itemprop=\"position\" content=\"1\" \/><\/li><li class=\"current\" itemprop=\"itemListElement\" itemscope itemtype=\"https:\/\/schema.org\/ListItem\"><span itemprop=\"name\">P\u00e1gina<\/span><meta itemprop=\"position\" content=\"2\" \/><\/li><\/ol><\/div>[vc_empty_space][\/vc_column][\/vc_row][vc_row full_width=\u00bbstretch_row_content\u00bb equal_height=\u00bbyes\u00bb content_placement=\u00bbmiddle\u00bb el_class=\u00bbphone-reverse-col\u00bb][vc_column css=\u00bb.vc_custom_1747468454427{padding-top: 2% !important;padding-bottom: 2% !important;padding-left: 10% !important;}\u00bb][vc_column_text css=\u00bb.vc_custom_1749467996317{padding-right: 15% !important;padding-left: 15% !important;}\u00bb]<\/p>\n<h1>Pol\u00edtica de Privacidad<\/h1>\n<p>[\/vc_column_text][\/vc_column][\/vc_row][vc_row][vc_column][vc_column_text css=\u00bb\u00bb]<strong>Nosotros<\/strong><\/p>\n<p>Somos KONECTA FOUNDATION y tratamos sus datos personales como Responsable del Tratamiento. Esto significa que nos encargamos de c\u00f3mo utilizar y proteger sus datos.<\/p>\n<p>\u200d<\/p>\n<p><strong>\u00bfPara qu\u00e9 utilizamos sus datos?<\/strong><\/p>\n<p>Utilizaremos sus datos (proporcionados en l\u00ednea o a trav\u00e9s de otros medios), entre otros fines, para responder a sus consultas, dudas y sugerencias.<\/p>\n<p>\u200d<\/p>\n<p><strong>\u00bfPara qu\u00e9 los utilizamos?<\/strong><\/p>\n<p>Tenemos derecho a tratar sus datos porque tenemos un inter\u00e9s leg\u00edtimo en responder a sus preguntas y satisfacer sus dudas y sugerencias.<\/p>\n<p>\u200d<\/p>\n<p><strong>\u00bfCon qui\u00e9n compartimos sus datos?<\/strong><\/p>\n<p>Compartiremos sus datos con empresas del propio Grupo Konecta y de KONECTA FOUNDATION, ya est\u00e9n ubicadas dentro o fuera de la Uni\u00f3n Europea.<\/p>\n<p>\u200d<\/p>\n<p><strong>Sus derechos.<\/strong><\/p>\n<p>Tiene derecho a acceder a sus datos personales, rectificarlos o suprimirlos.<\/p>\n<p>Le invitamos a leer nuestra Pol\u00edtica de privacidad completa a continuaci\u00f3n para comprender en detalle el uso que haremos de sus datos personales y los derechos que tiene en relaci\u00f3n con ellos.<\/p>\n<p>\u200d<\/p>\n<p><strong>\u00bfQui\u00e9n es responsable del tratamiento de sus datos personales?<\/strong><\/p>\n<p>El responsable del tratamiento de sus datos es:<\/p>\n<p>KONECTA FOUNDATION<\/p>\n<p>Direcci\u00f3n en Edificio Los Cubos, Calle Albacete 5, planta 11\u00aa 28027 Madrid, Espa\u00f1a.<\/p>\n<p>Puede ponerse en contacto con el responsable de protecci\u00f3n de datos por correo electr\u00f3nico: <a href=\"mailto:dpd@konecta.com\">dpd@konecta.com<\/a><\/p>\n<p>\u200d<\/p>\n<p><strong>\u00bfQu\u00e9 datos recopila KONECTA FOUNDATION a trav\u00e9s del Sitio Web?<\/strong><\/p>\n<p>Konecta puede tener acceso a los siguientes datos:<br \/>\n(i) Datos de identificaci\u00f3n: nombre y apellidos<br \/>\n(ii) Datos de contacto: correo electr\u00f3nico, tel\u00e9fono<\/p>\n<p>\u200d<\/p>\n<p><strong>\u00bfCon qu\u00e9finalidad trata KONECTA FOUNDATION sus datos personales?<\/strong><\/p>\n<p>En KONECTA FOUNDATION tratamos sus datos personales con el m\u00e1ximo respeto y cumplimiento de la normativa aplicable en materia de protecci\u00f3n de datos de car\u00e1cter personal.<\/p>\n<p>Tratamos sus datos en relaci\u00f3n con su solicitud de informaci\u00f3n sobre los servicios que prestamos, nuestras actividades profesionales y empresariales, su asistencia a nuestras oficinas, a un evento o seminario organizado por Konecta o sus socios comerciales y para ponernos en contacto con usted e informarle en el marco de nuestras actividades profesionales y empresariales.<\/p>\n<p>\u200d<\/p>\n<p>Sus datos personales podr\u00e1n ser utilizados para las siguientes finalidades, de acuerdo con el consentimiento expresamente otorgado en el correspondiente formulario de registro:<\/p>\n<p>(i) Permitir que el Sitio Web cumpla su funci\u00f3n de prestar los servicios solicitados.<\/p>\n<p>(ii) Gestionar, tramitar y dar respuesta a las peticiones, solicitudes, incidencias o consultas del Usuario.<\/p>\n<p>(iii) Env\u00edo de boletines informativos, felicitaciones navide\u00f1as o similares, recepci\u00f3n por tel\u00e9fono, correo electr\u00f3nico, SMS\/MMS, o por otros medios de comunicaci\u00f3n electr\u00f3nica equivalentes, de comunicaciones o informaciones sobre la actividad de KONECTA FOUNDATION.<\/p>\n<p>(iv) Gestionar su candidatura en los procesos de selecci\u00f3n de personal.<\/p>\n<p>Le informamos de que nos limitaremos a tratar sus datos personales para las finalidades mencionadas y que, en ning\u00fan caso, se tomar\u00e1n decisiones automatizadas basadas en su perfil.<\/p>\n<p>\u200d<\/p>\n<p><strong>\u00bfCu\u00e1nto tiempo conservamos sus datos personales?<\/strong><\/p>\n<p>La protecci\u00f3n de la privacidad y de los datos personales de los Usuarios es muy importante para KONECTA FOUNDATION. Por ello, KONECTA FOUNDATION hace todo lo posible para evitar que los datos de los Usuarios sean utilizados indebidamente. S\u00f3lo el personal autorizado tiene acceso a los datos de los Usuarios.<\/p>\n<p>Los datos personales del Usuario se conservar\u00e1n mientras dure la finalidad para la que han sido recabados o mientras el Usuario no haya revocado su consentimiento, ejercitado alguno de los derechos que le son inherentes conforme a la legislaci\u00f3n aplicable o solicitado la supresi\u00f3n de determinados datos. personales.<\/p>\n<p>Posteriormente, si fuera necesario, KONECTA FOUNDATION mantendr\u00e1 bloqueada la informaci\u00f3n durante los plazos legalmente establecidos.<\/p>\n<p>KONECTA FOUNDATION se compromete al cumplimiento de su obligaci\u00f3n de secreto y confidencialidad respecto de los datos de car\u00e1cter personal de acuerdo con lo establecido en la legislaci\u00f3n aplicable.<\/p>\n<p>\u200d<\/p>\n<p><strong>\u00bfCu\u00e1l es la legitimaci\u00f3n para llevar a cabo el tratamiento de mis datos personales?<\/strong><\/p>\n<p>Le informamos que la legitimaci\u00f3n para el tratamiento de sus datos es el consentimiento que nos ha otorgado al facilitarnos los datos personales, as\u00ed como al marcar la(s) casilla(s) de Aceptaci\u00f3n de la Pol\u00edtica de Privacidad habilitada(s) al efecto.<\/p>\n<p>\u200d<\/p>\n<p><strong>\u00bfA qu\u00e9 destinatarios se comunicar\u00e1n sus datos?<\/strong><\/p>\n<p>Para cumplir con las finalidades indicadas en esta Pol\u00edtica de Privacidad, es necesario que demos acceso a sus datos personales a entidades del Grupo Konecta y de KONECTA FOUNDATION (por ejemplo, a la(s) entidad(es) del Grupo Konecta y de KONECTA FOUNDATION ubicada(s) en el mercado al que usted se ha referido en su consulta).<\/p>\n<p>Debido a la eficacia del servicio, algunos de los citados proveedores est\u00e1n ubicados en territorios fuera del Espacio Econ\u00f3mico Europeo que no proporcionan un nivel de protecci\u00f3n de datos equiparable al de la Uni\u00f3n Europea, como Estados Unidos. En estos casos, le informamos que realizamos la transferencia de sus datos con las debidas garant\u00edas y manteniendo siempre la seguridad de sus datos.<\/p>\n<p>Asimismo, le informamos que KONECTA FOUNDATION trabaja con varias entidades que prestan un servicio que requiere el acceso a datos de car\u00e1cter personal, por lo que dichas entidades son encargadas del tratamiento de KONECTA FOUNDATION. En este sentido, le informamos que estas entidades, como encargados del tratamiento, podr\u00e1n tener acceso a sus datos personales, pero en ning\u00fan caso los datos ser\u00e1n cedidos para los fines de dichas entidades.<\/p>\n<p><strong>\u00bfQu\u00e9 derechos tiene usted como propietario de los datos?<\/strong><\/p>\n<p>Usted, como titular de los datos personales, tanto por s\u00ed mismo como a trav\u00e9s de representante -legal o voluntario- podr\u00e1 ejercitar los derechos de acceso, rectificaci\u00f3n, limitaci\u00f3n del tratamiento, supresi\u00f3n, oposici\u00f3n, as\u00ed como el derecho a la portabilidad de sus datos y a no ser objeto de decisiones basadas \u00fanicamente en tratamientos automatizados de datos.<\/p>\n<p>Para ejercitarlos, deber\u00e1 ponerse en contacto con nosotros a trav\u00e9s del correo electr\u00f3nico <a href=\"mailto:dpd@konecta.com\">dpd@konecta.com<\/a>, indicando en el asunto \u00abDerechos de Protecci\u00f3n de Datos\u00bb o, si lo prefiere, por correo postal a KONECTA FOUNDATION, en la direcci\u00f3n Edificio Los Cubos, Calle Albacete 5, planta 11\u00aa 28027 Madrid, Espa\u00f1a, especificando qu\u00e9 derecho desea ejercitar e identific\u00e1ndose correctamente.<\/p>\n<p>\u200d<\/p>\n<p>En un plazo m\u00e1ximo de 30 d\u00edas -utilizando todos nuestros esfuerzos y los medios a nuestro alcance para reducir al m\u00e1ximo este plazo-, desde que recibamos su solicitud, recibir\u00e1 una respuesta por nuestra parte. Si no queda satisfecho, podr\u00e1 presentar una reclamaci\u00f3n ante una Autoridad de Control, particularmente en el Estado en el que tenga su residencia habitual, lugar de trabajo o lugar de la presunta infracci\u00f3n, en el supuesto de que considere que el tratamiento de sus datos personales no se adecua a la normativa, as\u00ed como en el caso de no ver satisfecho el ejercicio de sus derechos. La autoridad de control ante la que se haya presentado la reclamaci\u00f3n informar\u00e1 al reclamante sobre el curso y resultado de la misma.<\/p>\n<p>\u200d<\/p>\n<p><strong>Cambios en la pol\u00edtica de privacidad<\/strong><\/p>\n<p>Podremos modificar la informaci\u00f3n contenida en esta Pol\u00edtica de Privacidad cuando lo consideremos oportuno. En cualquier caso, le sugerimos que revise esta Pol\u00edtica de Privacidad de vez en cuando por si hubiera cambios menores o introduj\u00e9ramos alguna mejora interactiva, aprovechando que siempre la encontrar\u00e1 como punto de informaci\u00f3n permanente en nuestra web.[\/vc_column_text][\/vc_column][\/vc_row]<\/p>\n<\/div>","protected":false},"excerpt":{"rendered":"<p>[vc_row][vc_column][vc_empty_space][\/vc_column][\/vc_row][vc_row full_width=\u00bbstretch_row_content\u00bb equal_height=\u00bbyes\u00bb content_placement=\u00bbmiddle\u00bb el_class=\u00bbphone-reverse-col\u00bb][vc_column css=\u00bb.vc_custom_1747468454427{padding-top: 2% !important;padding-bottom: 2% !important;padding-left: 10% !important;}\u00bb][vc_column_text css=\u00bb.vc_custom_1749467996317{padding-right: 15% !important;padding-left: 15% !important;}\u00bb] Pol\u00edtica de Privacidad [\/vc_column_text][\/vc_column][\/vc_row][vc_row][vc_column][vc_column_text css=\u00bb\u00bb]Nosotros Somos KONECTA FOUNDATION y tratamos sus datos personales como Responsable del Tratamiento. Esto significa que nos encargamos de c\u00f3mo utilizar y proteger sus datos. \u200d \u00bfPara qu\u00e9 utilizamos sus datos? Utilizaremos sus datos&hellip;<\/p>\n","protected":false},"author":2,"featured_media":0,"parent":0,"menu_order":0,"comment_status":"closed","ping_status":"open","template":"","meta":{"footnotes":""},"class_list":["post-5367","page","type-page","status-publish","hentry","description-off"],"yoast_head":"<!-- This site is optimized with the Yoast SEO plugin v26.4 - https:\/\/yoast.com\/wordpress\/plugins\/seo\/ -->\n<title>Pol\u00edtica de Privacidad - Konecta Foundation<\/title>\n<meta name=\"robots\" content=\"index, follow, max-snippet:-1, max-image-preview:large, max-video-preview:-1\" \/>\n<link rel=\"canonical\" href=\"https:\/\/www.konectafoundation.org\/es\/politica-de-privacidad\/\" \/>\n<meta property=\"og:locale\" content=\"es_ES\" \/>\n<meta property=\"og:type\" content=\"article\" \/>\n<meta property=\"og:title\" content=\"Pol\u00edtica de Privacidad - Konecta Foundation\" \/>\n<meta property=\"og:description\" content=\"[vc_row][vc_column][vc_empty_space][\/vc_column][\/vc_row][vc_row full_width=\u00bbstretch_row_content\u00bb equal_height=\u00bbyes\u00bb content_placement=\u00bbmiddle\u00bb el_class=\u00bbphone-reverse-col\u00bb][vc_column css=\u00bb.vc_custom_1747468454427{padding-top: 2% !important;padding-bottom: 2% !important;padding-left: 10% !important;}\u00bb][vc_column_text css=\u00bb.vc_custom_1749467996317{padding-right: 15% !important;padding-left: 15% !important;}\u00bb] Pol\u00edtica de Privacidad [\/vc_column_text][\/vc_column][\/vc_row][vc_row][vc_column][vc_column_text css=\u00bb\u00bb]Nosotros Somos KONECTA FOUNDATION y tratamos sus datos personales como Responsable del Tratamiento. Esto significa que nos encargamos de c\u00f3mo utilizar y proteger sus datos. \u200d \u00bfPara qu\u00e9 utilizamos sus datos? Utilizaremos sus datos&hellip;\" \/>\n<meta property=\"og:url\" content=\"https:\/\/www.konectafoundation.org\/es\/politica-de-privacidad\/\" \/>\n<meta property=\"og:site_name\" content=\"Konecta Foundation\" \/>\n<meta property=\"article:modified_time\" content=\"2025-11-14T11:39:17+00:00\" \/>\n<meta name=\"twitter:card\" content=\"summary_large_image\" \/>\n<meta name=\"twitter:label1\" content=\"Tiempo de lectura\" \/>\n\t<meta name=\"twitter:data1\" content=\"6 minutos\" \/>\n<script type=\"application\/ld+json\" class=\"yoast-schema-graph\">{\"@context\":\"https:\/\/schema.org\",\"@graph\":[{\"@type\":\"WebPage\",\"@id\":\"https:\/\/www.konectafoundation.org\/es\/politica-de-privacidad\/\",\"url\":\"https:\/\/www.konectafoundation.org\/es\/politica-de-privacidad\/\",\"name\":\"Pol\u00edtica de Privacidad - Konecta Foundation\",\"isPartOf\":{\"@id\":\"https:\/\/www.konectafoundation.org\/es\/#website\"},\"datePublished\":\"2025-05-06T06:18:15+00:00\",\"dateModified\":\"2025-11-14T11:39:17+00:00\",\"breadcrumb\":{\"@id\":\"https:\/\/www.konectafoundation.org\/es\/politica-de-privacidad\/#breadcrumb\"},\"inLanguage\":\"es\",\"potentialAction\":[{\"@type\":\"ReadAction\",\"target\":[\"https:\/\/www.konectafoundation.org\/es\/politica-de-privacidad\/\"]}]},{\"@type\":\"BreadcrumbList\",\"@id\":\"https:\/\/www.konectafoundation.org\/es\/politica-de-privacidad\/#breadcrumb\",\"itemListElement\":[{\"@type\":\"ListItem\",\"position\":1,\"name\":\"Portada\",\"item\":\"https:\/\/konectafoundation.org\/es\/\"},{\"@type\":\"ListItem\",\"position\":2,\"name\":\"Pol\u00edtica de Privacidad\"}]},{\"@type\":\"WebSite\",\"@id\":\"https:\/\/www.konectafoundation.org\/es\/#website\",\"url\":\"https:\/\/www.konectafoundation.org\/es\/\",\"name\":\"Konecta Foundation\",\"description\":\"\",\"potentialAction\":[{\"@type\":\"SearchAction\",\"target\":{\"@type\":\"EntryPoint\",\"urlTemplate\":\"https:\/\/www.konectafoundation.org\/es\/?s={search_term_string}\"},\"query-input\":{\"@type\":\"PropertyValueSpecification\",\"valueRequired\":true,\"valueName\":\"search_term_string\"}}],\"inLanguage\":\"es\"}]}<\/script>\n<!-- \/ Yoast SEO plugin. -->","yoast_head_json":{"title":"Pol\u00edtica de Privacidad - Konecta Foundation","robots":{"index":"index","follow":"follow","max-snippet":"max-snippet:-1","max-image-preview":"max-image-preview:large","max-video-preview":"max-video-preview:-1"},"canonical":"https:\/\/www.konectafoundation.org\/es\/politica-de-privacidad\/","og_locale":"es_ES","og_type":"article","og_title":"Pol\u00edtica de Privacidad - Konecta Foundation","og_description":"[vc_row][vc_column][vc_empty_space][\/vc_column][\/vc_row][vc_row full_width=\u00bbstretch_row_content\u00bb equal_height=\u00bbyes\u00bb content_placement=\u00bbmiddle\u00bb el_class=\u00bbphone-reverse-col\u00bb][vc_column css=\u00bb.vc_custom_1747468454427{padding-top: 2% !important;padding-bottom: 2% !important;padding-left: 10% !important;}\u00bb][vc_column_text css=\u00bb.vc_custom_1749467996317{padding-right: 15% !important;padding-left: 15% !important;}\u00bb] Pol\u00edtica de Privacidad [\/vc_column_text][\/vc_column][\/vc_row][vc_row][vc_column][vc_column_text css=\u00bb\u00bb]Nosotros Somos KONECTA FOUNDATION y tratamos sus datos personales como Responsable del Tratamiento. Esto significa que nos encargamos de c\u00f3mo utilizar y proteger sus datos. \u200d \u00bfPara qu\u00e9 utilizamos sus datos? Utilizaremos sus datos&hellip;","og_url":"https:\/\/www.konectafoundation.org\/es\/politica-de-privacidad\/","og_site_name":"Konecta Foundation","article_modified_time":"2025-11-14T11:39:17+00:00","twitter_card":"summary_large_image","twitter_misc":{"Tiempo de lectura":"6 minutos"},"schema":{"@context":"https:\/\/schema.org","@graph":[{"@type":"WebPage","@id":"https:\/\/www.konectafoundation.org\/es\/politica-de-privacidad\/","url":"https:\/\/www.konectafoundation.org\/es\/politica-de-privacidad\/","name":"Pol\u00edtica de Privacidad - Konecta Foundation","isPartOf":{"@id":"https:\/\/www.konectafoundation.org\/es\/#website"},"datePublished":"2025-05-06T06:18:15+00:00","dateModified":"2025-11-14T11:39:17+00:00","breadcrumb":{"@id":"https:\/\/www.konectafoundation.org\/es\/politica-de-privacidad\/#breadcrumb"},"inLanguage":"es","potentialAction":[{"@type":"ReadAction","target":["https:\/\/www.konectafoundation.org\/es\/politica-de-privacidad\/"]}]},{"@type":"BreadcrumbList","@id":"https:\/\/www.konectafoundation.org\/es\/politica-de-privacidad\/#breadcrumb","itemListElement":[{"@type":"ListItem","position":1,"name":"Portada","item":"https:\/\/konectafoundation.org\/es\/"},{"@type":"ListItem","position":2,"name":"Pol\u00edtica de Privacidad"}]},{"@type":"WebSite","@id":"https:\/\/www.konectafoundation.org\/es\/#website","url":"https:\/\/www.konectafoundation.org\/es\/","name":"Konecta Foundation","description":"","potentialAction":[{"@type":"SearchAction","target":{"@type":"EntryPoint","urlTemplate":"https:\/\/www.konectafoundation.org\/es\/?s={search_term_string}"},"query-input":{"@type":"PropertyValueSpecification","valueRequired":true,"valueName":"search_term_string"}}],"inLanguage":"es"}]}},"_links":{"self":[{"href":"https:\/\/www.konectafoundation.org\/es\/wp-json\/wp\/v2\/pages\/5367","targetHints":{"allow":["GET"]}}],"collection":[{"href":"https:\/\/www.konectafoundation.org\/es\/wp-json\/wp\/v2\/pages"}],"about":[{"href":"https:\/\/www.konectafoundation.org\/es\/wp-json\/wp\/v2\/types\/page"}],"author":[{"embeddable":true,"href":"https:\/\/www.konectafoundation.org\/es\/wp-json\/wp\/v2\/users\/2"}],"replies":[{"embeddable":true,"href":"https:\/\/www.konectafoundation.org\/es\/wp-json\/wp\/v2\/comments?post=5367"}],"version-history":[{"count":6,"href":"https:\/\/www.konectafoundation.org\/es\/wp-json\/wp\/v2\/pages\/5367\/revisions"}],"predecessor-version":[{"id":18092,"href":"https:\/\/www.konectafoundation.org\/es\/wp-json\/wp\/v2\/pages\/5367\/revisions\/18092"}],"wp:attachment":[{"href":"https:\/\/www.konectafoundation.org\/es\/wp-json\/wp\/v2\/media?parent=5367"}],"curies":[{"name":"wp","href":"https:\/\/api.w.org\/{rel}","templated":true}]}}